{"id":136,"date":"2025-09-14T13:14:10","date_gmt":"2025-09-14T13:14:10","guid":{"rendered":"https:\/\/e-bigfish.com\/bigfishint\/?page_id=136"},"modified":"2025-09-20T21:23:27","modified_gmt":"2025-09-20T21:23:27","slug":"prendre-rendez-vous","status":"publish","type":"page","link":"https:\/\/e-bigfish.com\/bigfishint\/prendre-rendez-vous\/","title":{"rendered":"PRENDRE RENDEZ-VOUS"},"content":{"rendered":"<style id=\"wpforms-css-vars-133-block-ae8b9977-38f3-4e93-a2c8-025105c8a144\">\n\t\t\t\t#wpforms-133.wpforms-block-ae8b9977-38f3-4e93-a2c8-025105c8a144 {\n\t\t\t\t--wpforms-label-color: rgba(0, 0, 0, 0.85);\n--wpforms-label-sublabel-color: rgba(0, 0, 0, 0.55);\n--wpforms-field-border-color: rgba(0, 0, 0, 0.25);\n--wpforms-field-border-color-spare: rgba(0, 0, 0, 0.25);\n--wpforms-field-text-color: #1473dc;\n\t\t\t}\n\t\t\t<\/style><div class=\"wpforms-container wpforms-container-full wpforms-block wpforms-block-ae8b9977-38f3-4e93-a2c8-025105c8a144 wpforms-render-modern\" id=\"wpforms-133\"><form id=\"wpforms-form-133\" class=\"wpforms-validate wpforms-form wpforms-ajax-form\" data-formid=\"133\" method=\"post\" enctype=\"multipart\/form-data\" action=\"\/bigfishint\/wp-json\/wp\/v2\/pages\/136\" data-token=\"74a3ce78279fc099cf9a4eec6e5f4758\" data-token-time=\"1776871555\"><noscript class=\"wpforms-error-noscript\">Veuillez activer JavaScript dans votre navigateur pour remplir ce formulaire.<\/noscript><div id=\"wpforms-error-noscript\" style=\"display: none;\">Veuillez activer JavaScript dans votre navigateur pour remplir ce formulaire.<\/div><div class=\"wpforms-field-container\"><div id=\"wpforms-133-field_2-container\" class=\"wpforms-field wpforms-field-name\" data-field-id=\"2\"><fieldset><legend class=\"wpforms-field-label\">Nom <span class=\"wpforms-required-label\" aria-hidden=\"true\">*<\/span><\/legend><div class=\"wpforms-field-row wpforms-field-medium\"><div class=\"wpforms-field-row-block wpforms-first wpforms-one-half\"><input type=\"text\" id=\"wpforms-133-field_2\" class=\"wpforms-field-name-first wpforms-field-required\" name=\"wpforms[fields][2][first]\" aria-errormessage=\"wpforms-133-field_2-error\" required><label for=\"wpforms-133-field_2\" class=\"wpforms-field-sublabel after\">Pr\u00e9nom<\/label><\/div><div class=\"wpforms-field-row-block wpforms-one-half\"><input type=\"text\" id=\"wpforms-133-field_2-last\" class=\"wpforms-field-name-last wpforms-field-required\" name=\"wpforms[fields][2][last]\" aria-errormessage=\"wpforms-133-field_2-last-error\" required><label for=\"wpforms-133-field_2-last\" class=\"wpforms-field-sublabel after\">Nom<\/label><\/div><\/div><\/fieldset><\/div><div id=\"wpforms-133-field_3-container\" class=\"wpforms-field wpforms-field-email\" data-field-id=\"3\"><label class=\"wpforms-field-label\" for=\"wpforms-133-field_3\">E-mail <span class=\"wpforms-required-label\" aria-hidden=\"true\">*<\/span><\/label><input type=\"email\" id=\"wpforms-133-field_3\" class=\"wpforms-field-medium wpforms-field-required\" name=\"wpforms[fields][3]\" spellcheck=\"false\" aria-errormessage=\"wpforms-133-field_3-error\" required><\/div>\t\t<div id=\"wpforms-133-field_1-container\"\n\t\t\tclass=\"wpforms-field wpforms-field-text\"\n\t\t\tdata-field-type=\"text\"\n\t\t\tdata-field-id=\"1\"\n\t\t\t>\n\t\t\t<label class=\"wpforms-field-label\" for=\"wpforms-133-field_1\" >de ? T\u00e9l\u00e9phone<\/label>\n\t\t\t<input type=\"text\" id=\"wpforms-133-field_1\" class=\"wpforms-field-medium\" name=\"wpforms[fields][1]\" >\n\t\t<\/div>\n\t\t<div id=\"wpforms-133-field_4-container\" class=\"wpforms-field wpforms-field-text\" data-field-id=\"4\"><label class=\"wpforms-field-label\" for=\"wpforms-133-field_4\">T\u00e9l\u00e9phone <span class=\"wpforms-required-label\" aria-hidden=\"true\">*<\/span><\/label><input type=\"text\" id=\"wpforms-133-field_4\" class=\"wpforms-field-medium wpforms-field-required\" name=\"wpforms[fields][4]\" aria-errormessage=\"wpforms-133-field_4-error\" required><\/div><div id=\"wpforms-133-field_6-container\" class=\"wpforms-field wpforms-field-text\" data-field-id=\"6\"><label class=\"wpforms-field-label\" for=\"wpforms-133-field_6\">Nom de votre entreprise <span class=\"wpforms-required-label\" aria-hidden=\"true\">*<\/span><\/label><input type=\"text\" id=\"wpforms-133-field_6\" class=\"wpforms-field-medium wpforms-field-required\" name=\"wpforms[fields][6]\" aria-errormessage=\"wpforms-133-field_6-error\" required><\/div><div id=\"wpforms-133-field_7-container\" class=\"wpforms-field wpforms-field-textarea\" data-field-id=\"7\"><label class=\"wpforms-field-label\" for=\"wpforms-133-field_7\">Quel est le principal sujet que vous souhaiteriez aborder ? <span class=\"wpforms-required-label\" aria-hidden=\"true\">*<\/span><\/label><textarea id=\"wpforms-133-field_7\" class=\"wpforms-field-medium wpforms-field-required\" name=\"wpforms[fields][7]\" aria-errormessage=\"wpforms-133-field_7-error\" required><\/textarea><\/div><div id=\"wpforms-133-field_8-container\" class=\"wpforms-field wpforms-field-select wpforms-field-select-style-classic\" data-field-id=\"8\"><label class=\"wpforms-field-label\" for=\"wpforms-133-field_8\">Comment avez-vous entendu parler de nous ?<\/label><select id=\"wpforms-133-field_8\" class=\"wpforms-field-medium\" name=\"wpforms[fields][8]\"><option value=\"Moteur de recherche\"  class=\"choice-1 depth-1\"  >Moteur de recherche<\/option><option value=\"LinkedIn\"  class=\"choice-2 depth-1\"  >LinkedIn<\/option><option value=\"Recommandation\"  class=\"choice-3 depth-1\"  >Recommandation<\/option><option value=\"Autres\"  class=\"choice-4 depth-1\"  >Autres<\/option><\/select><\/div><script>\n\t\t\t\t( function() {\n\t\t\t\t\tconst style = document.createElement( 'style' );\n\t\t\t\t\tstyle.appendChild( document.createTextNode( '#wpforms-133-field_1-container { position: absolute !important; overflow: hidden !important; display: inline !important; height: 1px !important; width: 1px !important; z-index: -1000 !important; padding: 0 !important; } #wpforms-133-field_1-container input { visibility: hidden; } #wpforms-conversational-form-page #wpforms-133-field_1-container label { counter-increment: none; }' ) );\n\t\t\t\t\tdocument.head.appendChild( style );\n\t\t\t\t\tdocument.currentScript?.remove();\n\t\t\t\t} )();\n\t\t\t<\/script><\/div><!-- .wpforms-field-container --><div class=\"wpforms-submit-container\" ><input type=\"hidden\" name=\"wpforms[id]\" value=\"133\"><input type=\"hidden\" name=\"page_title\" value=\"\"><input type=\"hidden\" name=\"page_url\" value=\"https:\/\/e-bigfish.com\/bigfishint\/wp-json\/wp\/v2\/pages\/136\"><input type=\"hidden\" name=\"url_referer\" value=\"\"><button type=\"submit\" name=\"wpforms[submit]\" id=\"wpforms-submit-133\" class=\"wpforms-submit\" data-alt-text=\"Envoi...\" data-submit-text=\"Envoyer\" aria-live=\"assertive\" value=\"wpforms-submit\">Envoyer<\/button><img loading=\"lazy\" decoding=\"async\" src=\"https:\/\/e-bigfish.com\/bigfishint\/wp-content\/plugins\/wpforms-lite\/assets\/images\/submit-spin.svg\" class=\"wpforms-submit-spinner\" style=\"display: none;\" width=\"26\" height=\"26\" alt=\"Chargement en cours\"><\/div><\/form><\/div>  <!-- .wpforms-container -->","protected":false},"excerpt":{"rendered":"","protected":false},"author":2,"featured_media":0,"parent":0,"menu_order":0,"comment_status":"closed","ping_status":"closed","template":"","meta":{"_kad_post_transparent":"","_kad_post_title":"hide","_kad_post_layout":"fullwidth","_kad_post_sidebar_id":"","_kad_post_content_style":"","_kad_post_vertical_padding":"","_kad_post_feature":"","_kad_post_feature_position":"","_kad_post_header":false,"_kad_post_footer":false,"_kad_post_classname":"","footnotes":""},"class_list":["post-136","page","type-page","status-publish","hentry"],"yoast_head":"<!-- This site is optimized with the Yoast SEO plugin v27.4 - https:\/\/yoast.com\/product\/yoast-seo-wordpress\/ -->\n<title>PRENDRE RENDEZ-VOUS - BIG FISH INTERNATIONAL<\/title>\n<meta name=\"description\" content=\"Lib\u00e9rez le potentiel de vos \u00e9quipes achats. Discutons de vos d\u00e9fis lors d&#039;une consultation strat\u00e9gique et obtenons ensemble des r\u00e9sultats concrets et durables.\" \/>\n<meta name=\"robots\" content=\"index, follow, max-snippet:-1, max-image-preview:large, max-video-preview:-1\" \/>\n<link rel=\"canonical\" href=\"https:\/\/e-bigfish.com\/bigfishint\/prendre-rendez-vous\/\" \/>\n<meta property=\"og:locale\" content=\"fr_FR\" \/>\n<meta property=\"og:type\" content=\"article\" \/>\n<meta property=\"og:title\" content=\"PRENDRE RENDEZ-VOUS - BIG FISH INTERNATIONAL\" \/>\n<meta property=\"og:description\" content=\"Lib\u00e9rez le potentiel de vos \u00e9quipes achats. Discutons de vos d\u00e9fis lors d&#039;une consultation strat\u00e9gique et obtenons ensemble des r\u00e9sultats concrets et durables.\" \/>\n<meta property=\"og:url\" content=\"https:\/\/e-bigfish.com\/bigfishint\/prendre-rendez-vous\/\" \/>\n<meta property=\"og:site_name\" content=\"BIG FISH INTERNATIONAL\" \/>\n<meta property=\"article:modified_time\" content=\"2025-09-20T21:23:27+00:00\" \/>\n<meta name=\"twitter:card\" content=\"summary_large_image\" \/>\n<script type=\"application\/ld+json\" class=\"yoast-schema-graph\">{\"@context\":\"https:\\\/\\\/schema.org\",\"@graph\":[{\"@type\":\"WebPage\",\"@id\":\"https:\\\/\\\/e-bigfish.com\\\/bigfishint\\\/prendre-rendez-vous\\\/\",\"url\":\"https:\\\/\\\/e-bigfish.com\\\/bigfishint\\\/prendre-rendez-vous\\\/\",\"name\":\"PRENDRE RENDEZ-VOUS - BIG FISH INTERNATIONAL\",\"isPartOf\":{\"@id\":\"https:\\\/\\\/e-bigfish.com\\\/bigfishint\\\/#website\"},\"datePublished\":\"2025-09-14T13:14:10+00:00\",\"dateModified\":\"2025-09-20T21:23:27+00:00\",\"description\":\"Lib\u00e9rez le potentiel de vos \u00e9quipes achats. Discutons de vos d\u00e9fis lors d'une consultation strat\u00e9gique et obtenons ensemble des r\u00e9sultats concrets et durables.\",\"breadcrumb\":{\"@id\":\"https:\\\/\\\/e-bigfish.com\\\/bigfishint\\\/prendre-rendez-vous\\\/#breadcrumb\"},\"inLanguage\":\"fr-FR\",\"potentialAction\":[{\"@type\":\"ReadAction\",\"target\":[\"https:\\\/\\\/e-bigfish.com\\\/bigfishint\\\/prendre-rendez-vous\\\/\"]}]},{\"@type\":\"BreadcrumbList\",\"@id\":\"https:\\\/\\\/e-bigfish.com\\\/bigfishint\\\/prendre-rendez-vous\\\/#breadcrumb\",\"itemListElement\":[{\"@type\":\"ListItem\",\"position\":1,\"name\":\"Accueil\",\"item\":\"https:\\\/\\\/e-bigfish.com\\\/bigfishint\\\/\"},{\"@type\":\"ListItem\",\"position\":2,\"name\":\"PRENDRE RENDEZ-VOUS\"}]},{\"@type\":\"WebSite\",\"@id\":\"https:\\\/\\\/e-bigfish.com\\\/bigfishint\\\/#website\",\"url\":\"https:\\\/\\\/e-bigfish.com\\\/bigfishint\\\/\",\"name\":\"BIG FISH INTERNATIONAL\",\"description\":\"PEOPLE CENTRIC DEVELOPMENT\",\"potentialAction\":[{\"@type\":\"SearchAction\",\"target\":{\"@type\":\"EntryPoint\",\"urlTemplate\":\"https:\\\/\\\/e-bigfish.com\\\/bigfishint\\\/?s={search_term_string}\"},\"query-input\":{\"@type\":\"PropertyValueSpecification\",\"valueRequired\":true,\"valueName\":\"search_term_string\"}}],\"inLanguage\":\"fr-FR\"}]}<\/script>\n<!-- \/ Yoast SEO plugin. -->","yoast_head_json":{"title":"PRENDRE RENDEZ-VOUS - BIG FISH INTERNATIONAL","description":"Lib\u00e9rez le potentiel de vos \u00e9quipes achats. Discutons de vos d\u00e9fis lors d'une consultation strat\u00e9gique et obtenons ensemble des r\u00e9sultats concrets et durables.","robots":{"index":"index","follow":"follow","max-snippet":"max-snippet:-1","max-image-preview":"max-image-preview:large","max-video-preview":"max-video-preview:-1"},"canonical":"https:\/\/e-bigfish.com\/bigfishint\/prendre-rendez-vous\/","og_locale":"fr_FR","og_type":"article","og_title":"PRENDRE RENDEZ-VOUS - BIG FISH INTERNATIONAL","og_description":"Lib\u00e9rez le potentiel de vos \u00e9quipes achats. Discutons de vos d\u00e9fis lors d'une consultation strat\u00e9gique et obtenons ensemble des r\u00e9sultats concrets et durables.","og_url":"https:\/\/e-bigfish.com\/bigfishint\/prendre-rendez-vous\/","og_site_name":"BIG FISH INTERNATIONAL","article_modified_time":"2025-09-20T21:23:27+00:00","twitter_card":"summary_large_image","schema":{"@context":"https:\/\/schema.org","@graph":[{"@type":"WebPage","@id":"https:\/\/e-bigfish.com\/bigfishint\/prendre-rendez-vous\/","url":"https:\/\/e-bigfish.com\/bigfishint\/prendre-rendez-vous\/","name":"PRENDRE RENDEZ-VOUS - BIG FISH INTERNATIONAL","isPartOf":{"@id":"https:\/\/e-bigfish.com\/bigfishint\/#website"},"datePublished":"2025-09-14T13:14:10+00:00","dateModified":"2025-09-20T21:23:27+00:00","description":"Lib\u00e9rez le potentiel de vos \u00e9quipes achats. Discutons de vos d\u00e9fis lors d'une consultation strat\u00e9gique et obtenons ensemble des r\u00e9sultats concrets et durables.","breadcrumb":{"@id":"https:\/\/e-bigfish.com\/bigfishint\/prendre-rendez-vous\/#breadcrumb"},"inLanguage":"fr-FR","potentialAction":[{"@type":"ReadAction","target":["https:\/\/e-bigfish.com\/bigfishint\/prendre-rendez-vous\/"]}]},{"@type":"BreadcrumbList","@id":"https:\/\/e-bigfish.com\/bigfishint\/prendre-rendez-vous\/#breadcrumb","itemListElement":[{"@type":"ListItem","position":1,"name":"Accueil","item":"https:\/\/e-bigfish.com\/bigfishint\/"},{"@type":"ListItem","position":2,"name":"PRENDRE RENDEZ-VOUS"}]},{"@type":"WebSite","@id":"https:\/\/e-bigfish.com\/bigfishint\/#website","url":"https:\/\/e-bigfish.com\/bigfishint\/","name":"BIG FISH INTERNATIONAL","description":"PEOPLE CENTRIC DEVELOPMENT","potentialAction":[{"@type":"SearchAction","target":{"@type":"EntryPoint","urlTemplate":"https:\/\/e-bigfish.com\/bigfishint\/?s={search_term_string}"},"query-input":{"@type":"PropertyValueSpecification","valueRequired":true,"valueName":"search_term_string"}}],"inLanguage":"fr-FR"}]}},"_links":{"self":[{"href":"https:\/\/e-bigfish.com\/bigfishint\/wp-json\/wp\/v2\/pages\/136","targetHints":{"allow":["GET"]}}],"collection":[{"href":"https:\/\/e-bigfish.com\/bigfishint\/wp-json\/wp\/v2\/pages"}],"about":[{"href":"https:\/\/e-bigfish.com\/bigfishint\/wp-json\/wp\/v2\/types\/page"}],"author":[{"embeddable":true,"href":"https:\/\/e-bigfish.com\/bigfishint\/wp-json\/wp\/v2\/users\/2"}],"replies":[{"embeddable":true,"href":"https:\/\/e-bigfish.com\/bigfishint\/wp-json\/wp\/v2\/comments?post=136"}],"version-history":[{"count":3,"href":"https:\/\/e-bigfish.com\/bigfishint\/wp-json\/wp\/v2\/pages\/136\/revisions"}],"predecessor-version":[{"id":266,"href":"https:\/\/e-bigfish.com\/bigfishint\/wp-json\/wp\/v2\/pages\/136\/revisions\/266"}],"wp:attachment":[{"href":"https:\/\/e-bigfish.com\/bigfishint\/wp-json\/wp\/v2\/media?parent=136"}],"curies":[{"name":"wp","href":"https:\/\/api.w.org\/{rel}","templated":true}]}}